{"id":81,"date":"2021-04-14T09:59:35","date_gmt":"2021-04-14T09:59:35","guid":{"rendered":"https:\/\/greanr.com\/?page_id=81"},"modified":"2021-09-25T11:31:29","modified_gmt":"2021-09-25T11:31:29","slug":"uber-uns","status":"publish","type":"page","link":"https:\/\/greanr.com\/de\/uber-uns\/","title":{"rendered":"\u00dcber uns"},"content":{"rendered":"\t\t<div data-elementor-type=\"wp-page\" data-elementor-id=\"81\" class=\"elementor elementor-81\">\n\t\t\t\t\t\t\t\t\t<section class=\"elementor-section elementor-top-section elementor-element elementor-element-dd189e9 elementor-section-content-middle elementor-section-boxed elementor-section-height-default elementor-section-height-default\" data-id=\"dd189e9\" data-element_type=\"section\">\n\t\t\t\t\t\t<div class=\"elementor-container elementor-column-gap-default\">\n\t\t\t\t\t<div class=\"elementor-column elementor-col-100 elementor-top-column elementor-element elementor-element-e8e7e15\" data-id=\"e8e7e15\" data-element_type=\"column\">\n\t\t\t<div class=\"elementor-widget-wrap elementor-element-populated\">\n\t\t\t\t\t\t\t\t<div class=\"elementor-element elementor-element-5db4940 elementor-widget elementor-widget-text-editor\" data-id=\"5db4940\" data-element_type=\"widget\" data-widget_type=\"text-editor.default\">\n\t\t\t\t<div class=\"elementor-widget-container\">\n\t\t\t\t\t\t\t<p><span data-sheets-value=\"{\" data-sheets-userformat=\"{\">GREANR entwickelt innovative, dauerhafte L\u00f6sungen f\u00fcr Produzenten im Agrarischem Sektor. Wir arbeiten eng zusammen mit den wichtigsten Partnern der Produktionskette und den Produzenten.<\/span><\/p>\t\t\t\t\t\t<\/div>\n\t\t\t\t<\/div>\n\t\t\t\t<div class=\"elementor-element elementor-element-cf8a025 elementor-widget elementor-widget-text-editor\" data-id=\"cf8a025\" data-element_type=\"widget\" data-widget_type=\"text-editor.default\">\n\t\t\t\t<div class=\"elementor-widget-container\">\n\t\t\t\t\t\t\t<p>Wir kennen uns aus dem Sektor der Pflanzenschutzmittel. Jan ist nach seinem verfr\u00fchten Eintritt in die Rente Teilzeit aktiv in consultancy jobs. Jan-Erik arbeitet mit gro\u00dfen Einsatz an seinem eigenem Saatkartoffeln Handelsbetrieb. Das Problem mit Residuen in Lagerr\u00e4umen f\u00fcr Kartoffeln und einem Tipp von einem alten Bekannten haben uns wieder zusammengebracht.<\/p>\t\t\t\t\t\t<\/div>\n\t\t\t\t<\/div>\n\t\t\t\t\t<\/div>\n\t\t<\/div>\n\t\t\t\t\t\t\t<\/div>\n\t\t<\/section>\n\t\t\t\t<section class=\"elementor-section elementor-top-section elementor-element elementor-element-734f2b44 elementor-section-content-middle elementor-section-boxed elementor-section-height-default elementor-section-height-default\" data-id=\"734f2b44\" data-element_type=\"section\">\n\t\t\t\t\t\t<div class=\"elementor-container elementor-column-gap-default\">\n\t\t\t\t\t<div class=\"elementor-column elementor-col-50 elementor-top-column elementor-element elementor-element-5567c41e\" data-id=\"5567c41e\" data-element_type=\"column\">\n\t\t\t<div class=\"elementor-widget-wrap elementor-element-populated\">\n\t\t\t\t\t\t\t\t<div class=\"elementor-element elementor-element-5ce56c78 elementor-position-left elementor-vertical-align-middle elementor-widget elementor-widget-image-box\" data-id=\"5ce56c78\" data-element_type=\"widget\" data-widget_type=\"image-box.default\">\n\t\t\t\t<div class=\"elementor-widget-container\">\n\t\t\t<div class=\"elementor-image-box-wrapper\"><figure class=\"elementor-image-box-img\"><img fetchpriority=\"high\" decoding=\"async\" width=\"398\" height=\"398\" src=\"https:\/\/greanr.com\/de\/wp-content\/uploads\/sites\/3\/2021\/04\/greanr-avatar-jan.png\" class=\"attachment-full size-full wp-image-347\" alt=\"\" srcset=\"https:\/\/greanr.com\/de\/wp-content\/uploads\/sites\/3\/2021\/04\/greanr-avatar-jan.png 398w, https:\/\/greanr.com\/de\/wp-content\/uploads\/sites\/3\/2021\/04\/greanr-avatar-jan-300x300.png 300w, https:\/\/greanr.com\/de\/wp-content\/uploads\/sites\/3\/2021\/04\/greanr-avatar-jan-150x150.png 150w\" sizes=\"(max-width: 398px) 100vw, 398px\" \/><\/figure><div class=\"elementor-image-box-content\"><h3 class=\"elementor-image-box-title\">Jan van de Voort<\/h3><p class=\"elementor-image-box-description\">LEITUNG KOMMERZ<\/p><\/div><\/div>\t\t<\/div>\n\t\t\t\t<\/div>\n\t\t\t\t<div class=\"elementor-element elementor-element-79b9bca5 elementor-widget elementor-widget-text-editor\" data-id=\"79b9bca5\" data-element_type=\"widget\" data-widget_type=\"text-editor.default\">\n\t\t\t\t<div class=\"elementor-widget-container\">\n\t\t\t\t\t\t\t<p>Jan war fr\u00fcher Direktor bei Bayer Crop Science NL und hat in der Vergangenheit andere kommerzielle und Marketing Arbeitsverh\u00e4ltnisse in der Pflanzenschutz -Industrie gehabt.<\/p>\t\t\t\t\t\t<\/div>\n\t\t\t\t<\/div>\n\t\t\t\t<div class=\"elementor-element elementor-element-7d1549f7 e-grid-align-left e-grid-align-mobile-center elementor-shape-rounded elementor-grid-0 elementor-widget elementor-widget-social-icons\" data-id=\"7d1549f7\" data-element_type=\"widget\" data-widget_type=\"social-icons.default\">\n\t\t\t\t<div class=\"elementor-widget-container\">\n\t\t\t\t\t<div class=\"elementor-social-icons-wrapper elementor-grid\">\n\t\t\t\t\t\t\t<span class=\"elementor-grid-item\">\n\t\t\t\t\t<a class=\"elementor-icon elementor-social-icon elementor-social-icon-whatsapp elementor-animation-grow elementor-repeater-item-0ac3790\" href=\"https:\/\/wa.me\/31651232662\" target=\"_blank\">\n\t\t\t\t\t\t<span class=\"elementor-screen-only\">Whatsapp<\/span>\n\t\t\t\t\t\t<i class=\"fab fa-whatsapp\"><\/i>\t\t\t\t\t<\/a>\n\t\t\t\t<\/span>\n\t\t\t\t\t\t\t<span class=\"elementor-grid-item\">\n\t\t\t\t\t<a class=\"elementor-icon elementor-social-icon elementor-social-icon-phone elementor-animation-grow elementor-repeater-item-223c0fa\" href=\"tel:31651232662\" target=\"_blank\">\n\t\t\t\t\t\t<span class=\"elementor-screen-only\">Phone<\/span>\n\t\t\t\t\t\t<i class=\"fas fa-phone\"><\/i>\t\t\t\t\t<\/a>\n\t\t\t\t<\/span>\n\t\t\t\t\t\t\t<span class=\"elementor-grid-item\">\n\t\t\t\t\t<a class=\"elementor-icon elementor-social-icon elementor-social-icon-at elementor-animation-grow elementor-repeater-item-284d66a\" href=\"mailto:jan@greanr.com\" target=\"_blank\">\n\t\t\t\t\t\t<span class=\"elementor-screen-only\">At<\/span>\n\t\t\t\t\t\t<i class=\"fas fa-at\"><\/i>\t\t\t\t\t<\/a>\n\t\t\t\t<\/span>\n\t\t\t\t\t<\/div>\n\t\t\t\t<\/div>\n\t\t\t\t<\/div>\n\t\t\t\t\t<\/div>\n\t\t<\/div>\n\t\t\t\t<div class=\"elementor-column elementor-col-50 elementor-top-column elementor-element elementor-element-e6afa6d\" data-id=\"e6afa6d\" data-element_type=\"column\">\n\t\t\t<div class=\"elementor-widget-wrap elementor-element-populated\">\n\t\t\t\t\t\t\t\t<div class=\"elementor-element elementor-element-4a373af9 elementor-position-left elementor-vertical-align-middle elementor-widget elementor-widget-image-box\" data-id=\"4a373af9\" data-element_type=\"widget\" data-widget_type=\"image-box.default\">\n\t\t\t\t<div class=\"elementor-widget-container\">\n\t\t\t<div class=\"elementor-image-box-wrapper\"><figure class=\"elementor-image-box-img\"><img decoding=\"async\" width=\"400\" height=\"401\" src=\"https:\/\/greanr.com\/de\/wp-content\/uploads\/sites\/3\/2021\/04\/greanr-avatar-jan-eric.png\" class=\"attachment-full size-full wp-image-346\" alt=\"\" srcset=\"https:\/\/greanr.com\/de\/wp-content\/uploads\/sites\/3\/2021\/04\/greanr-avatar-jan-eric.png 400w, https:\/\/greanr.com\/de\/wp-content\/uploads\/sites\/3\/2021\/04\/greanr-avatar-jan-eric-300x300.png 300w, https:\/\/greanr.com\/de\/wp-content\/uploads\/sites\/3\/2021\/04\/greanr-avatar-jan-eric-150x150.png 150w\" sizes=\"(max-width: 400px) 100vw, 400px\" \/><\/figure><div class=\"elementor-image-box-content\"><h3 class=\"elementor-image-box-title\">Jan-Eric Geersing<\/h3><p class=\"elementor-image-box-description\">PRODUKT MANAGEMENT &amp; TECHNISCHE BERATUNG<\/p><\/div><\/div>\t\t<\/div>\n\t\t\t\t<\/div>\n\t\t\t\t<div class=\"elementor-element elementor-element-18d420e6 elementor-widget elementor-widget-text-editor\" data-id=\"18d420e6\" data-element_type=\"widget\" data-widget_type=\"text-editor.default\">\n\t\t\t\t<div class=\"elementor-widget-container\">\n\t\t\t\t\t\t\t<p><span data-sheets-value=\"{&quot;1&quot;:2,&quot;2&quot;:&quot;Jan-Eric besch\u00e4ftigt sich mit der Entwicklung von neuen Kartoffelsorten und dem Verkauf von Saatkartoffeln. Hiervor hat er sich besch\u00e4ftigt mit der Entwicklung und Marketing von Keimhemmungsmittel und Produktmanagement von Pflanzenschutzmitteln.&quot;}\" data-sheets-userformat=\"{&quot;2&quot;:6915,&quot;3&quot;:{&quot;1&quot;:0},&quot;4&quot;:{&quot;1&quot;:2,&quot;2&quot;:16777215},&quot;11&quot;:4,&quot;12&quot;:0,&quot;14&quot;:{&quot;1&quot;:2,&quot;2&quot;:0},&quot;15&quot;:&quot;Arial, sans-serif&quot;}\">Jan-Eric besch\u00e4ftigt sich mit der Entwicklung von neuen Kartoffelsorten und dem Verkauf von Saatkartoffeln. Hiervor hat er sich besch\u00e4ftigt mit der Entwicklung und Marketing von Keimhemmungsmittel und Produktmanagement von Pflanzenschutzmitteln.<\/span><\/p>\t\t\t\t\t\t<\/div>\n\t\t\t\t<\/div>\n\t\t\t\t<div class=\"elementor-element elementor-element-2fb2da53 e-grid-align-left e-grid-align-mobile-center elementor-shape-rounded elementor-grid-0 elementor-widget elementor-widget-social-icons\" data-id=\"2fb2da53\" data-element_type=\"widget\" data-widget_type=\"social-icons.default\">\n\t\t\t\t<div class=\"elementor-widget-container\">\n\t\t\t\t\t<div class=\"elementor-social-icons-wrapper elementor-grid\">\n\t\t\t\t\t\t\t<span class=\"elementor-grid-item\">\n\t\t\t\t\t<a class=\"elementor-icon elementor-social-icon elementor-social-icon-whatsapp elementor-animation-grow elementor-repeater-item-0ac3790\" href=\"https:\/\/wa.me\/31610537192\" target=\"_blank\">\n\t\t\t\t\t\t<span class=\"elementor-screen-only\">Whatsapp<\/span>\n\t\t\t\t\t\t<i class=\"fab fa-whatsapp\"><\/i>\t\t\t\t\t<\/a>\n\t\t\t\t<\/span>\n\t\t\t\t\t\t\t<span class=\"elementor-grid-item\">\n\t\t\t\t\t<a class=\"elementor-icon elementor-social-icon elementor-social-icon-phone elementor-animation-grow elementor-repeater-item-223c0fa\" href=\"tel:31610537192\" target=\"_blank\">\n\t\t\t\t\t\t<span class=\"elementor-screen-only\">Phone<\/span>\n\t\t\t\t\t\t<i class=\"fas fa-phone\"><\/i>\t\t\t\t\t<\/a>\n\t\t\t\t<\/span>\n\t\t\t\t\t\t\t<span class=\"elementor-grid-item\">\n\t\t\t\t\t<a class=\"elementor-icon elementor-social-icon elementor-social-icon-at elementor-animation-grow elementor-repeater-item-9ed51c3\" href=\"mailto:jan-eric@greanr.com\" target=\"_blank\">\n\t\t\t\t\t\t<span class=\"elementor-screen-only\">At<\/span>\n\t\t\t\t\t\t<i class=\"fas fa-at\"><\/i>\t\t\t\t\t<\/a>\n\t\t\t\t<\/span>\n\t\t\t\t\t<\/div>\n\t\t\t\t<\/div>\n\t\t\t\t<\/div>\n\t\t\t\t\t<\/div>\n\t\t<\/div>\n\t\t\t\t\t\t\t<\/div>\n\t\t<\/section>\n\t\t\t\t<section class=\"elementor-section elementor-top-section elementor-element elementor-element-1700340b elementor-section-content-middle elementor-section-full_width elementor-section-height-default elementor-section-height-default\" data-id=\"1700340b\" data-element_type=\"section\">\n\t\t\t\t\t\t<div class=\"elementor-container elementor-column-gap-no\">\n\t\t\t\t\t<div class=\"elementor-column elementor-col-100 elementor-top-column elementor-element elementor-element-6ccf9efc\" data-id=\"6ccf9efc\" data-element_type=\"column\">\n\t\t\t<div class=\"elementor-widget-wrap elementor-element-populated\">\n\t\t\t\t\t\t\t\t<div class=\"elementor-element elementor-element-4593fa20 elementor-widget elementor-widget-image\" data-id=\"4593fa20\" data-element_type=\"widget\" data-widget_type=\"image.default\">\n\t\t\t\t<div class=\"elementor-widget-container\">\n\t\t\t\t\t\t\t\t\t\t\t\t\t\t\t<img decoding=\"async\" width=\"1920\" height=\"1200\" src=\"https:\/\/greanr.com\/de\/wp-content\/uploads\/sites\/3\/2020\/11\/gps-cover-two-xs.png\" class=\"attachment-full size-full wp-image-14\" alt=\"\" srcset=\"https:\/\/greanr.com\/de\/wp-content\/uploads\/sites\/3\/2020\/11\/gps-cover-two-xs.png 1920w, https:\/\/greanr.com\/de\/wp-content\/uploads\/sites\/3\/2020\/11\/gps-cover-two-xs-300x188.png 300w, https:\/\/greanr.com\/de\/wp-content\/uploads\/sites\/3\/2020\/11\/gps-cover-two-xs-1024x640.png 1024w, https:\/\/greanr.com\/de\/wp-content\/uploads\/sites\/3\/2020\/11\/gps-cover-two-xs-768x480.png 768w, https:\/\/greanr.com\/de\/wp-content\/uploads\/sites\/3\/2020\/11\/gps-cover-two-xs-1536x960.png 1536w\" sizes=\"(max-width: 1920px) 100vw, 1920px\" \/>\t\t\t\t\t\t\t\t\t\t\t\t\t\t\t<\/div>\n\t\t\t\t<\/div>\n\t\t\t\t\t<\/div>\n\t\t<\/div>\n\t\t\t\t\t\t\t<\/div>\n\t\t<\/section>\n\t\t\t\t<section class=\"elementor-section elementor-top-section elementor-element elementor-element-bcc3498 elementor-section-content-middle elementor-section-boxed elementor-section-height-default elementor-section-height-default\" data-id=\"bcc3498\" data-element_type=\"section\">\n\t\t\t\t\t\t<div class=\"elementor-container elementor-column-gap-no\">\n\t\t\t\t\t<div class=\"elementor-column elementor-col-100 elementor-top-column elementor-element elementor-element-d665828\" data-id=\"d665828\" data-element_type=\"column\">\n\t\t\t<div class=\"elementor-widget-wrap elementor-element-populated\">\n\t\t\t\t\t\t\t\t<div class=\"elementor-element elementor-element-1fffe3a elementor-widget elementor-widget-heading\" data-id=\"1fffe3a\" data-element_type=\"widget\" data-widget_type=\"heading.default\">\n\t\t\t\t<div class=\"elementor-widget-container\">\n\t\t\t<h3 class=\"elementor-heading-title elementor-size-default\">\u00dcber <span style=\"color: #F39200\">GREANR<\/span><\/h3>\t\t<\/div>\n\t\t\t\t<\/div>\n\t\t\t\t<div class=\"elementor-element elementor-element-96a2872 elementor-widget elementor-widget-text-editor\" data-id=\"96a2872\" data-element_type=\"widget\" data-widget_type=\"text-editor.default\">\n\t\t\t\t<div class=\"elementor-widget-container\">\n\t\t\t\t\t\t\t<p><span data-sheets-value=\"{\" data-sheets-userformat=\"{\">Unser erstes innovatives Produkt wird GREANR Cleaner. Jan-Eric:\u201c Aus Versuchen mit Keimhemmung in Kartoffeln in der Vergangenheit habe ich viel gelernt \u00fcber den Gebrauch von etherischen \u00d6len. Diese wurden gebraucht zum reinigen der Transportb\u00e4nder in der Lagerung. Damals hat man hier zu wenig mit getan. Jetzt wo ein gro\u00dfes Problem ist bei dem reinigen der Lagerr\u00e4ume und den Residualen von Chlorprophan ist die Zeit Reif um hier ein spezielles Mittel auf den Markt zu bringen.\u201c<\/span><\/p>\t\t\t\t\t\t<\/div>\n\t\t\t\t<\/div>\n\t\t\t\t<section class=\"elementor-section elementor-inner-section elementor-element elementor-element-1ad4132 elementor-section-boxed elementor-section-height-default elementor-section-height-default\" data-id=\"1ad4132\" data-element_type=\"section\">\n\t\t\t\t\t\t<div class=\"elementor-container elementor-column-gap-default\">\n\t\t\t\t\t<div class=\"elementor-column elementor-col-50 elementor-inner-column elementor-element elementor-element-f41fc4f\" data-id=\"f41fc4f\" data-element_type=\"column\">\n\t\t\t<div class=\"elementor-widget-wrap elementor-element-populated\">\n\t\t\t\t\t\t\t\t<div class=\"elementor-element elementor-element-80af09a elementor-widget elementor-widget-heading\" data-id=\"80af09a\" data-element_type=\"widget\" data-widget_type=\"heading.default\">\n\t\t\t\t<div class=\"elementor-widget-container\">\n\t\t\t<h2 class=\"elementor-heading-title elementor-size-default\">\u00dcber das Entstehen<\/h2>\t\t<\/div>\n\t\t\t\t<\/div>\n\t\t\t\t<div class=\"elementor-element elementor-element-f623de3 elementor-widget elementor-widget-text-editor\" data-id=\"f623de3\" data-element_type=\"widget\" data-widget_type=\"text-editor.default\">\n\t\t\t\t<div class=\"elementor-widget-container\">\n\t\t\t\t\t\t\t<p><span data-sheets-value=\"{&quot;1&quot;:2,&quot;2&quot;:&quot;Wir gehen zur\u00fcck in der Zeit in die Periode von 2003 bis 2006. Jan-Eric und sein Kollege Wibert Moes  arbeiteten damals bei der Firma Luxan. Sie taten in dieser Periode stehts mehr orientierende Untersuchungen \u00fcber ein Nebenprodukt von der Synthese von dem etherischem \u00d6l Carvon. Der aktive Stoff von dem biologischem Keim Wachstum Regulator Talent. Dieses Nebenprodukt CD-Limoneen, auch ein etherisches \u00d6l, erwiess sich als ausgezeichnetes Reinigungsmittel f\u00fcr Transportb\u00e4nder die verschmutzt waren mit Keimmhemmungsmittel Gro-Stop Basis mit als aktiver Stoff Chlorprophan. Dieses Reinigungsmittel hatte noch eine gro\u00dfe Anzahl andere gute Eigenschaften, leider fehlten Damals die finanziellen Mittel um neben dem aktiven Stoff Carvon noch einen weiteren aktiven Stoff zu entwickeln. Darum blieb es bei der Reinigung von B\u00e4ndern und sp\u00e4ter verschwand es vollkommen vom Markt.&quot;}\" data-sheets-userformat=\"{&quot;2&quot;:6915,&quot;3&quot;:{&quot;1&quot;:0},&quot;4&quot;:{&quot;1&quot;:2,&quot;2&quot;:16777215},&quot;11&quot;:4,&quot;12&quot;:0,&quot;14&quot;:{&quot;1&quot;:2,&quot;2&quot;:0},&quot;15&quot;:&quot;Arial, sans-serif&quot;}\">Wir gehen zur\u00fcck in der Zeit in die Periode von 2003 bis 2006. Jan-Eric und sein Kollege Wibert Moes arbeiteten damals bei der Firma Luxan. Sie taten in dieser Periode stehts mehr orientierende Untersuchungen \u00fcber ein Nebenprodukt von der Synthese von dem etherischem \u00d6l Carvon. Der aktive Stoff von dem biologischem Keim Wachstum Regulator Talent. Dieses Nebenprodukt CD-Limoneen, auch ein etherisches \u00d6l, erwiess sich als ausgezeichnetes Reinigungsmittel f\u00fcr Transportb\u00e4nder die verschmutzt waren mit Keimmhemmungsmittel Gro-Stop Basis mit als aktiver Stoff Chlorprophan. Dieses Reinigungsmittel hatte noch eine gro\u00dfe Anzahl andere gute Eigenschaften, leider fehlten Damals die finanziellen Mittel um neben dem aktiven Stoff Carvon noch einen weiteren aktiven Stoff zu entwickeln. Darum blieb es bei der Reinigung von B\u00e4ndern und sp\u00e4ter verschwand es vollkommen vom Markt.<\/span><\/p>\t\t\t\t\t\t<\/div>\n\t\t\t\t<\/div>\n\t\t\t\t\t<\/div>\n\t\t<\/div>\n\t\t\t\t<div class=\"elementor-column elementor-col-50 elementor-inner-column elementor-element elementor-element-7bb8b0f\" data-id=\"7bb8b0f\" data-element_type=\"column\">\n\t\t\t<div class=\"elementor-widget-wrap elementor-element-populated\">\n\t\t\t\t\t\t\t\t<div class=\"elementor-element elementor-element-8c90694 elementor-widget elementor-widget-heading\" data-id=\"8c90694\" data-element_type=\"widget\" data-widget_type=\"heading.default\">\n\t\t\t\t<div class=\"elementor-widget-container\">\n\t\t\t<h2 class=\"elementor-heading-title elementor-size-default\">Oro Agri<\/h2>\t\t<\/div>\n\t\t\t\t<\/div>\n\t\t\t\t<div class=\"elementor-element elementor-element-69af6fc elementor-widget elementor-widget-text-editor\" data-id=\"69af6fc\" data-element_type=\"widget\" data-widget_type=\"text-editor.default\">\n\t\t\t\t<div class=\"elementor-widget-container\">\n\t\t\t\t\t\t\t<p>Jahre sp\u00e4ter gingen mehr dann ein Licht auf bei dem stark nach Zitrone riechendem Mittel von Oro Agri. Dies war der Anfang f\u00fcr eine sehr verbesserte Version von dem Reinigungsmittel. Wahrend dem Bio-Pestizide Kongress in Barcelona in 2016 wurde die Wirkung von dem Mittel mit der neuen Formulierung durch den Europa-Manager Carol Pullen, von Oro Agri, ausgebreitet vorgestellt. Aber dies war noch nicht alles. Au\u00dferhalb des Kongresses wurde noch mehr Information miteinander geteilt.<\/p>\t\t\t\t\t\t<\/div>\n\t\t\t\t<\/div>\n\t\t\t\t\t<\/div>\n\t\t<\/div>\n\t\t\t\t\t\t\t<\/div>\n\t\t<\/section>\n\t\t\t\t<div class=\"elementor-element elementor-element-f95dc2f elementor-widget elementor-widget-heading\" data-id=\"f95dc2f\" data-element_type=\"widget\" data-widget_type=\"heading.default\">\n\t\t\t\t<div class=\"elementor-widget-container\">\n\t\t\t<h2 class=\"elementor-heading-title elementor-size-default\">HDDS\u00ae GREANR Cleaner<\/h2>\t\t<\/div>\n\t\t\t\t<\/div>\n\t\t\t\t<div class=\"elementor-element elementor-element-38608ae elementor-widget elementor-widget-text-editor\" data-id=\"38608ae\" data-element_type=\"widget\" data-widget_type=\"text-editor.default\">\n\t\t\t\t<div class=\"elementor-widget-container\">\n\t\t\t\t\t\t\t<p><span data-sheets-value=\"{&quot;1&quot;:2,&quot;2&quot;:&quot;Es ist 2020, die Nachricht \u00fcber das Verbot des aktiven Stoffes Chlorpopham, auch ein Bestandteil von Gro-Stop- Keimhemmungsmittel, schlug ein wie eine Bombe. Die Entwicklung f\u00fcr neue, sehr starke Reinigungsmittel um Lagerr\u00e4ume f\u00fcr Kartoffeln wirklich sauber zu machen kam in Schwung. Mit einer neuen Formulierung von einem \u201ccleaner\u201c der seinen Ursprung hat in den Kohlenmienen in S\u00fcdafrika werden die ersten Schritte gemacht von GREANR, der Firmenname wo unter wir unser erstes Produkt pr\u00e4sentieren.&quot;}\" data-sheets-userformat=\"{&quot;2&quot;:6915,&quot;3&quot;:{&quot;1&quot;:0},&quot;4&quot;:{&quot;1&quot;:2,&quot;2&quot;:16777215},&quot;11&quot;:4,&quot;12&quot;:0,&quot;14&quot;:{&quot;1&quot;:2,&quot;2&quot;:0},&quot;15&quot;:&quot;Helvetica, sans-serif&quot;}\">Es ist 2020, die Nachricht \u00fcber das Verbot des aktiven Stoffes Chlorpopham, auch ein Bestandteil von Gro-Stop- Keimhemmungsmittel, schlug ein wie eine Bombe. Die Entwicklung f\u00fcr neue, sehr starke Reinigungsmittel um Lagerr\u00e4ume f\u00fcr Kartoffeln wirklich sauber zu machen kam in Schwung. Mit einer neuen Formulierung von einem \u201ccleaner\u201c der seinen Ursprung hat in den Kohlenmienen in S\u00fcdafrika werden die ersten Schritte gemacht von GREANR, der Firmenname wo unter wir unser erstes Produkt pr\u00e4sentieren.<\/span><\/p>\t\t\t\t\t\t<\/div>\n\t\t\t\t<\/div>\n\t\t\t\t<div class=\"elementor-element elementor-element-fd410df elementor-widget elementor-widget-button\" data-id=\"fd410df\" data-element_type=\"widget\" data-widget_type=\"button.default\">\n\t\t\t\t<div class=\"elementor-widget-container\">\n\t\t\t\t\t<div class=\"elementor-button-wrapper\">\n\t\t\t<a class=\"elementor-button elementor-button-link elementor-size-md\" href=\"https:\/\/greanr.com\/de\/produkt\/greanr-cleaner\/\">\n\t\t\t\t\t\t<span class=\"elementor-button-content-wrapper\">\n\t\t\t\t\t\t<span class=\"elementor-button-icon elementor-align-icon-right\">\n\t\t\t\t<i aria-hidden=\"true\" class=\"fas fa-arrow-right\"><\/i>\t\t\t<\/span>\n\t\t\t\t\t\t<span class=\"elementor-button-text\">Schauen Sie unser Produkt an<\/span>\n\t\t<\/span>\n\t\t\t\t\t<\/a>\n\t\t<\/div>\n\t\t\t\t<\/div>\n\t\t\t\t<\/div>\n\t\t\t\t\t<\/div>\n\t\t<\/div>\n\t\t\t\t\t\t\t<\/div>\n\t\t<\/section>\n\t\t\t\t\t\t\t<\/div>\n\t\t","protected":false},"excerpt":{"rendered":"<p>GREANR entwickelt innovative, dauerhafte L\u00f6sungen f\u00fcr Produzenten im Agrarischem Sektor. Wir arbeiten eng zusammen mit den wichtigsten Partnern der Produktionskette und den Produzenten. Wir kennen uns aus dem Sektor der Pflanzenschutzmittel. Jan ist nach seinem verfr\u00fchten Eintritt in die Rente Teilzeit aktiv in consultancy jobs. Jan-Erik arbeitet mit gro\u00dfen Einsatz an seinem eigenem Saatkartoffeln Handelsbetrieb. [&hellip;]<\/p>\n","protected":false},"author":1,"featured_media":0,"parent":0,"menu_order":0,"comment_status":"closed","ping_status":"closed","template":"","meta":{"footnotes":""},"yst_prominent_words":[],"_links":{"self":[{"href":"https:\/\/greanr.com\/de\/wp-json\/wp\/v2\/pages\/81"}],"collection":[{"href":"https:\/\/greanr.com\/de\/wp-json\/wp\/v2\/pages"}],"about":[{"href":"https:\/\/greanr.com\/de\/wp-json\/wp\/v2\/types\/page"}],"author":[{"embeddable":true,"href":"https:\/\/greanr.com\/de\/wp-json\/wp\/v2\/users\/1"}],"replies":[{"embeddable":true,"href":"https:\/\/greanr.com\/de\/wp-json\/wp\/v2\/comments?post=81"}],"version-history":[{"count":97,"href":"https:\/\/greanr.com\/de\/wp-json\/wp\/v2\/pages\/81\/revisions"}],"predecessor-version":[{"id":607,"href":"https:\/\/greanr.com\/de\/wp-json\/wp\/v2\/pages\/81\/revisions\/607"}],"wp:attachment":[{"href":"https:\/\/greanr.com\/de\/wp-json\/wp\/v2\/media?parent=81"}],"wp:term":[{"taxonomy":"yst_prominent_words","embeddable":true,"href":"https:\/\/greanr.com\/de\/wp-json\/wp\/v2\/yst_prominent_words?post=81"}],"curies":[{"name":"wp","href":"https:\/\/api.w.org\/{rel}","templated":true}]}}