{"id":39,"date":"2021-04-17T10:48:52","date_gmt":"2021-04-17T10:48:52","guid":{"rendered":"https:\/\/greanr.com\/?page_id=39"},"modified":"2023-12-22T16:10:21","modified_gmt":"2023-12-22T16:10:21","slug":"home","status":"publish","type":"page","link":"https:\/\/greanr.com\/de\/","title":{"rendered":"Home"},"content":{"rendered":"\t\t<div data-elementor-type=\"wp-page\" data-elementor-id=\"39\" class=\"elementor elementor-39\">\n\t\t\t\t\t\t\t\t\t<section class=\"elementor-section elementor-top-section elementor-element elementor-element-c1e85fe elementor-section-boxed elementor-section-height-default elementor-section-height-default\" data-id=\"c1e85fe\" data-element_type=\"section\">\n\t\t\t\t\t\t<div class=\"elementor-container elementor-column-gap-default\">\n\t\t\t\t\t<div class=\"elementor-column elementor-col-50 elementor-top-column elementor-element elementor-element-ad8023e\" data-id=\"ad8023e\" data-element_type=\"column\">\n\t\t\t<div class=\"elementor-widget-wrap elementor-element-populated\">\n\t\t\t\t\t\t\t\t<div class=\"elementor-element elementor-element-2b62848 elementor-widget elementor-widget-text-editor\" data-id=\"2b62848\" data-element_type=\"widget\" data-widget_type=\"text-editor.default\">\n\t\t\t\t<div class=\"elementor-widget-container\">\n\t\t\t\t\t\t\t<p><b>HDDS\u00ae GREANR Cleaner<\/b><span data-sheets-value=\"{\" data-sheets-userformat=\"{\" data-sheets-textstyleruns=\"{\">\u00a0ist die exklusive L\u00f6sung f\u00fcr<br \/>den finalen Schritt der CIPC residualfreien Kartoffellagerung. Es ist ein Anwendungsfreundliches Mittel, weil die Bestandteile sich auf nat\u00fcrlichen Stoffen basieren.<\/span><\/p>\t\t\t\t\t\t<\/div>\n\t\t\t\t<\/div>\n\t\t\t\t<div class=\"elementor-element elementor-element-b379e76 elementor-widget elementor-widget-button\" data-id=\"b379e76\" data-element_type=\"widget\" data-widget_type=\"button.default\">\n\t\t\t\t<div class=\"elementor-widget-container\">\n\t\t\t\t\t<div class=\"elementor-button-wrapper\">\n\t\t\t<a class=\"elementor-button elementor-button-link elementor-size-md\" href=\"https:\/\/greanr.com\/de\/products\/greanr-cleaner\/\">\n\t\t\t\t\t\t<span class=\"elementor-button-content-wrapper\">\n\t\t\t\t\t\t<span class=\"elementor-button-icon elementor-align-icon-right\">\n\t\t\t\t<i aria-hidden=\"true\" class=\"fas fa-arrow-right\"><\/i>\t\t\t<\/span>\n\t\t\t\t\t\t<span class=\"elementor-button-text\">Besichtigen Sie unser Produkt<\/span>\n\t\t<\/span>\n\t\t\t\t\t<\/a>\n\t\t<\/div>\n\t\t\t\t<\/div>\n\t\t\t\t<\/div>\n\t\t\t\t\t<\/div>\n\t\t<\/div>\n\t\t\t\t<div class=\"elementor-column elementor-col-50 elementor-top-column elementor-element elementor-element-701745e\" data-id=\"701745e\" data-element_type=\"column\" data-settings=\"{&quot;background_background&quot;:&quot;classic&quot;}\">\n\t\t\t<div class=\"elementor-widget-wrap elementor-element-populated\">\n\t\t\t\t\t\t\t\t<div class=\"elementor-element elementor-element-703e1a5 elementor-widget elementor-widget-image\" data-id=\"703e1a5\" data-element_type=\"widget\" data-settings=\"{&quot;motion_fx_motion_fx_mouse&quot;:&quot;yes&quot;,&quot;motion_fx_tilt_effect&quot;:&quot;yes&quot;,&quot;motion_fx_tilt_speed&quot;:{&quot;unit&quot;:&quot;px&quot;,&quot;size&quot;:&quot;2&quot;,&quot;sizes&quot;:[]}}\" data-widget_type=\"image.default\">\n\t\t\t\t<div class=\"elementor-widget-container\">\n\t\t\t\t\t\t\t\t\t\t\t\t\t\t\t<img fetchpriority=\"high\" decoding=\"async\" width=\"715\" height=\"948\" src=\"https:\/\/greanr.com\/de\/wp-content\/uploads\/sites\/3\/2021\/05\/greanr-cleaner-can-transparent.png\" class=\"attachment-full size-full wp-image-439\" alt=\"\" srcset=\"https:\/\/greanr.com\/de\/wp-content\/uploads\/sites\/3\/2021\/05\/greanr-cleaner-can-transparent.png 715w, https:\/\/greanr.com\/de\/wp-content\/uploads\/sites\/3\/2021\/05\/greanr-cleaner-can-transparent-226x300.png 226w\" sizes=\"(max-width: 715px) 100vw, 715px\" \/>\t\t\t\t\t\t\t\t\t\t\t\t\t\t\t<\/div>\n\t\t\t\t<\/div>\n\t\t\t\t\t<\/div>\n\t\t<\/div>\n\t\t\t\t\t\t\t<\/div>\n\t\t<\/section>\n\t\t\t\t<section class=\"elementor-section elementor-top-section elementor-element elementor-element-5956cb6f elementor-section-content-middle elementor-section-boxed elementor-section-height-default elementor-section-height-default\" data-id=\"5956cb6f\" data-element_type=\"section\" data-settings=\"{&quot;background_background&quot;:&quot;classic&quot;}\">\n\t\t\t\t\t\t<div class=\"elementor-container elementor-column-gap-no\">\n\t\t\t\t\t<div class=\"elementor-column elementor-col-100 elementor-top-column elementor-element elementor-element-6279a2f8\" data-id=\"6279a2f8\" data-element_type=\"column\">\n\t\t\t<div class=\"elementor-widget-wrap elementor-element-populated\">\n\t\t\t\t\t\t\t\t<div class=\"elementor-element elementor-element-1650f8a5 elementor-widget elementor-widget-heading\" data-id=\"1650f8a5\" data-element_type=\"widget\" data-widget_type=\"heading.default\">\n\t\t\t\t<div class=\"elementor-widget-container\">\n\t\t\t<h4 class=\"elementor-heading-title elementor-size-default\">Wir sind <span style=\"color: #F39200;text-decoration: underline\">GREANR<\/span><\/h4>\t\t<\/div>\n\t\t\t\t<\/div>\n\t\t\t\t<div class=\"elementor-element elementor-element-3625583c elementor-widget elementor-widget-text-editor\" data-id=\"3625583c\" data-element_type=\"widget\" data-widget_type=\"text-editor.default\">\n\t\t\t\t<div class=\"elementor-widget-container\">\n\t\t\t\t\t\t\t<p><span data-sheets-value=\"{&quot;1&quot;:2,&quot;2&quot;:&quot;GREANR entwickelt innovative, dauerhafte L\u00f6sungen f\u00fcr Produzenten im Agrarischem Sektor. Wir arbeiten eng zusammen mit den wichtigsten Partnern der Produktionskette und den Produzenten.&quot;}\" data-sheets-userformat=\"{&quot;2&quot;:6915,&quot;3&quot;:{&quot;1&quot;:0},&quot;4&quot;:{&quot;1&quot;:2,&quot;2&quot;:13689059},&quot;11&quot;:4,&quot;12&quot;:0,&quot;14&quot;:{&quot;1&quot;:2,&quot;2&quot;:0},&quot;15&quot;:&quot;Arial, sans-serif&quot;}\">GREANR entwickelt innovative, dauerhafte L\u00f6sungen f\u00fcr Produzenten im Agrarischem Sektor. Wir arbeiten eng zusammen mit den wichtigsten Partnern der Produktionskette und den Produzenten.<\/span><\/p>\t\t\t\t\t\t<\/div>\n\t\t\t\t<\/div>\n\t\t\t\t<div class=\"elementor-element elementor-element-59b855c elementor-align-center elementor-widget elementor-widget-button\" data-id=\"59b855c\" data-element_type=\"widget\" data-widget_type=\"button.default\">\n\t\t\t\t<div class=\"elementor-widget-container\">\n\t\t\t\t\t<div class=\"elementor-button-wrapper\">\n\t\t\t<a class=\"elementor-button elementor-button-link elementor-size-md\" href=\"https:\/\/greanr.com\/de\/uber-uns\/\">\n\t\t\t\t\t\t<span class=\"elementor-button-content-wrapper\">\n\t\t\t\t\t\t<span class=\"elementor-button-icon elementor-align-icon-right\">\n\t\t\t\t<i aria-hidden=\"true\" class=\"fas fa-arrow-right\"><\/i>\t\t\t<\/span>\n\t\t\t\t\t\t<span class=\"elementor-button-text\">\u00dcber uns<\/span>\n\t\t<\/span>\n\t\t\t\t\t<\/a>\n\t\t<\/div>\n\t\t\t\t<\/div>\n\t\t\t\t<\/div>\n\t\t\t\t\t<\/div>\n\t\t<\/div>\n\t\t\t\t\t\t\t<\/div>\n\t\t<\/section>\n\t\t\t\t<section class=\"elementor-section elementor-top-section elementor-element elementor-element-c2b7484 elementor-section-boxed elementor-section-height-default elementor-section-height-default\" data-id=\"c2b7484\" data-element_type=\"section\">\n\t\t\t\t\t\t<div class=\"elementor-container elementor-column-gap-default\">\n\t\t\t\t\t<div class=\"elementor-column elementor-col-100 elementor-top-column elementor-element elementor-element-9999ab1\" data-id=\"9999ab1\" data-element_type=\"column\">\n\t\t\t<div class=\"elementor-widget-wrap elementor-element-populated\">\n\t\t\t\t\t\t\t\t<div class=\"elementor-element elementor-element-893570f elementor-widget elementor-widget-heading\" data-id=\"893570f\" data-element_type=\"widget\" data-widget_type=\"heading.default\">\n\t\t\t\t<div class=\"elementor-widget-container\">\n\t\t\t<h2 class=\"elementor-heading-title elementor-size-default\">Die letzten Neuigkeiten<\/h2>\t\t<\/div>\n\t\t\t\t<\/div>\n\t\t\t\t<div class=\"elementor-element elementor-element-52e7921 elementor-grid-1 elementor-posts--thumbnail-none elementor-grid-tablet-2 elementor-grid-mobile-1 elementor-card-shadow-yes elementor-posts__hover-gradient elementor-widget elementor-widget-posts\" data-id=\"52e7921\" data-element_type=\"widget\" data-settings=\"{&quot;cards_columns&quot;:&quot;1&quot;,&quot;cards_columns_tablet&quot;:&quot;2&quot;,&quot;cards_columns_mobile&quot;:&quot;1&quot;,&quot;cards_row_gap&quot;:{&quot;unit&quot;:&quot;px&quot;,&quot;size&quot;:35,&quot;sizes&quot;:[]},&quot;cards_row_gap_tablet&quot;:{&quot;unit&quot;:&quot;px&quot;,&quot;size&quot;:&quot;&quot;,&quot;sizes&quot;:[]},&quot;cards_row_gap_mobile&quot;:{&quot;unit&quot;:&quot;px&quot;,&quot;size&quot;:&quot;&quot;,&quot;sizes&quot;:[]}}\" data-widget_type=\"posts.cards\">\n\t\t\t\t<div class=\"elementor-widget-container\">\n\t\t\t\t\t<div class=\"elementor-posts-container elementor-posts elementor-posts--skin-cards elementor-grid\">\n\t\t\t\t<article class=\"elementor-post elementor-grid-item post-427 post type-post status-publish format-standard hentry category-anfragen\">\n\t\t\t<div class=\"elementor-post__card\">\n\t\t\t\t<div class=\"elementor-post__text\">\n\t\t\t\t<h3 class=\"elementor-post__title\">\n\t\t\t<a href=\"https:\/\/greanr.com\/de\/blog\/2021\/05\/10\/researchreport-wpr-lelystad-cleaning-storage-rooms-with-greanr-cleaner\/\" >\n\t\t\t\tForschungsbericht WPR Lelystad Reinigung Lagerr\u00e4ume mit GREANR Cleaner\t\t\t<\/a>\n\t\t<\/h3>\n\t\t\t\t<div class=\"elementor-post__excerpt\">\n\t\t\t<p>F\u00fcr die Untersuchung wurden h\u00f6lzerne Bretter gebraucht die aus einem Lagerraum kamen wo jahrelang Kartoffeln bewahrt wurden. Lagerstandort WUR `de Eest` in Nagele, Niederlanden. Die Untersuchung wurde durchgef\u00fchrt von Open Teelten, Wageningen University &amp; Research.<\/p>\n\t\t<\/div>\n\t\t\n\t\t<a class=\"elementor-post__read-more\" href=\"https:\/\/greanr.com\/de\/blog\/2021\/05\/10\/researchreport-wpr-lelystad-cleaning-storage-rooms-with-greanr-cleaner\/\" >\n\t\t\tLesen Sie weiter \u00bb\t\t<\/a>\n\n\t\t\t\t<\/div>\n\t\t\t\t<div class=\"elementor-post__meta-data\">\n\t\t\t\t\t<span class=\"elementor-post-date\">\n\t\t\t10 May 2021\t\t<\/span>\n\t\t\t\t<\/div>\n\t\t\t\t\t<\/div>\n\t\t<\/article>\n\t\t\t\t<article class=\"elementor-post elementor-grid-item post-299 post type-post status-publish format-standard hentry category-anfragen\">\n\t\t\t<div class=\"elementor-post__card\">\n\t\t\t\t<div class=\"elementor-post__text\">\n\t\t\t\t<h3 class=\"elementor-post__title\">\n\t\t\t<a href=\"https:\/\/greanr.com\/de\/blog\/2021\/04\/21\/greanr-in-aardappelwereld-april-edition\/\" >\n\t\t\t\tGREANR in der Zeitschrift `Aardappelwerld`, ausgegeben in April\t\t\t<\/a>\n\t\t<\/h3>\n\t\t\t\t<div class=\"elementor-post__excerpt\">\n\t\t\t<p>In der Zeitschrift \u00c0ardappelwereld`, ausgegeben in April ist ein redaktioneller Artikel erschienen \u00fcber die Tiefenreingen von Chlorprophan Residualen in Lagerr\u00e4umen von Kartoffeln. In diesem Artikel werden \u00e4ltere Untersuchungen, durchgef\u00fchrt von IBVL Wageningen, beschrieben sowie rezente<\/p>\n\t\t<\/div>\n\t\t\n\t\t<a class=\"elementor-post__read-more\" href=\"https:\/\/greanr.com\/de\/blog\/2021\/04\/21\/greanr-in-aardappelwereld-april-edition\/\" >\n\t\t\tLesen Sie weiter \u00bb\t\t<\/a>\n\n\t\t\t\t<\/div>\n\t\t\t\t<div class=\"elementor-post__meta-data\">\n\t\t\t\t\t<span class=\"elementor-post-date\">\n\t\t\t21 April 2021\t\t<\/span>\n\t\t\t\t<\/div>\n\t\t\t\t\t<\/div>\n\t\t<\/article>\n\t\t\t\t<article class=\"elementor-post elementor-grid-item post-168 post type-post status-publish format-standard hentry category-anfragen\">\n\t\t\t<div class=\"elementor-post__card\">\n\t\t\t\t<div class=\"elementor-post__text\">\n\t\t\t\t<h3 class=\"elementor-post__title\">\n\t\t\t<a href=\"https:\/\/greanr.com\/de\/blog\/2021\/04\/16\/vorlaufiger-mrl-wert-fur-chlorpropham\/\" >\n\t\t\t\tVorl\u00e4ufiger MRL-Wert f\u00fcr Chlorpropham\t\t\t<\/a>\n\t\t<\/h3>\n\t\t\t\t<div class=\"elementor-post__excerpt\">\n\t\t\t<p>De Europese Commissie heeft een tijdelijke mrl (t-mrl) voor chloorprofam op 0,4 ppm. Deze residulimiet voor<br \/>\nconsumptieaardappelen is geldig vanaf de oogst van 2021.<\/p>\n\t\t<\/div>\n\t\t\n\t\t<a class=\"elementor-post__read-more\" href=\"https:\/\/greanr.com\/de\/blog\/2021\/04\/16\/vorlaufiger-mrl-wert-fur-chlorpropham\/\" >\n\t\t\tLesen Sie weiter \u00bb\t\t<\/a>\n\n\t\t\t\t<\/div>\n\t\t\t\t<div class=\"elementor-post__meta-data\">\n\t\t\t\t\t<span class=\"elementor-post-date\">\n\t\t\t16 April 2021\t\t<\/span>\n\t\t\t\t<\/div>\n\t\t\t\t\t<\/div>\n\t\t<\/article>\n\t\t\t\t<\/div>\n\t\t\n\t\t\t\t<\/div>\n\t\t\t\t<\/div>\n\t\t\t\t\t<\/div>\n\t\t<\/div>\n\t\t\t\t\t\t\t<\/div>\n\t\t<\/section>\n\t\t\t\t\t\t\t<\/div>\n\t\t","protected":false},"excerpt":{"rendered":"<p>HDDS\u00ae GREANR Cleaner\u00a0ist die exklusive L\u00f6sung f\u00fcrden finalen Schritt der CIPC residualfreien Kartoffellagerung. Es ist ein Anwendungsfreundliches Mittel, weil die Bestandteile sich auf nat\u00fcrlichen Stoffen basieren. Besichtigen Sie unser Produkt Wir sind GREANR GREANR entwickelt innovative, dauerhafte L\u00f6sungen f\u00fcr Produzenten im Agrarischem Sektor. Wir arbeiten eng zusammen mit den wichtigsten Partnern der Produktionskette und den [&hellip;]<\/p>\n","protected":false},"author":1,"featured_media":0,"parent":0,"menu_order":0,"comment_status":"closed","ping_status":"closed","template":"","meta":{"footnotes":""},"yst_prominent_words":[],"_links":{"self":[{"href":"https:\/\/greanr.com\/de\/wp-json\/wp\/v2\/pages\/39"}],"collection":[{"href":"https:\/\/greanr.com\/de\/wp-json\/wp\/v2\/pages"}],"about":[{"href":"https:\/\/greanr.com\/de\/wp-json\/wp\/v2\/types\/page"}],"author":[{"embeddable":true,"href":"https:\/\/greanr.com\/de\/wp-json\/wp\/v2\/users\/1"}],"replies":[{"embeddable":true,"href":"https:\/\/greanr.com\/de\/wp-json\/wp\/v2\/comments?post=39"}],"version-history":[{"count":59,"href":"https:\/\/greanr.com\/de\/wp-json\/wp\/v2\/pages\/39\/revisions"}],"predecessor-version":[{"id":619,"href":"https:\/\/greanr.com\/de\/wp-json\/wp\/v2\/pages\/39\/revisions\/619"}],"wp:attachment":[{"href":"https:\/\/greanr.com\/de\/wp-json\/wp\/v2\/media?parent=39"}],"wp:term":[{"taxonomy":"yst_prominent_words","embeddable":true,"href":"https:\/\/greanr.com\/de\/wp-json\/wp\/v2\/yst_prominent_words?post=39"}],"curies":[{"name":"wp","href":"https:\/\/api.w.org\/{rel}","templated":true}]}}