{"id":100,"date":"2021-04-14T10:42:30","date_gmt":"2021-04-14T10:42:30","guid":{"rendered":"https:\/\/greanr.com\/?page_id=100"},"modified":"2021-09-25T10:44:18","modified_gmt":"2021-09-25T10:44:18","slug":"kontakt","status":"publish","type":"page","link":"https:\/\/greanr.com\/de\/kontakt\/","title":{"rendered":"Kontakt"},"content":{"rendered":"\t\t<div data-elementor-type=\"wp-post\" data-elementor-id=\"100\" class=\"elementor elementor-100\">\n\t\t\t\t\t\t\t\t\t<section class=\"elementor-section elementor-top-section elementor-element elementor-element-476a49be elementor-section-content-middle elementor-section-boxed elementor-section-height-default elementor-section-height-default\" data-id=\"476a49be\" data-element_type=\"section\">\n\t\t\t\t\t\t<div class=\"elementor-container elementor-column-gap-default\">\n\t\t\t\t\t<div class=\"elementor-column elementor-col-100 elementor-top-column elementor-element elementor-element-68e1c865\" data-id=\"68e1c865\" data-element_type=\"column\">\n\t\t\t<div class=\"elementor-widget-wrap elementor-element-populated\">\n\t\t\t\t\t\t\t\t<div class=\"elementor-element elementor-element-6cf89dbe elementor-widget elementor-widget-heading\" data-id=\"6cf89dbe\" data-element_type=\"widget\" data-widget_type=\"heading.default\">\n\t\t\t\t<div class=\"elementor-widget-container\">\n\t\t\t<h3 class=\"elementor-heading-title elementor-size-default\">Haben Sie Fragen \u00fcber unser Produkt? <br>\nWir helfen Ihnen gerne.<\/h3>\t\t<\/div>\n\t\t\t\t<\/div>\n\t\t\t\t<section class=\"elementor-section elementor-inner-section elementor-element elementor-element-5d1d9c66 elementor-section-content-middle elementor-section-boxed elementor-section-height-default elementor-section-height-default\" data-id=\"5d1d9c66\" data-element_type=\"section\" data-settings=\"{&quot;background_background&quot;:&quot;classic&quot;}\">\n\t\t\t\t\t\t<div class=\"elementor-container elementor-column-gap-no\">\n\t\t\t\t\t<div class=\"elementor-column elementor-col-100 elementor-inner-column elementor-element elementor-element-3e9e221a\" data-id=\"3e9e221a\" data-element_type=\"column\">\n\t\t\t<div class=\"elementor-widget-wrap elementor-element-populated\">\n\t\t\t\t\t\t\t\t<div class=\"elementor-element elementor-element-8d2bc25 elementor-invisible elementor-widget elementor-widget-shortcode\" data-id=\"8d2bc25\" data-element_type=\"widget\" data-settings=\"{&quot;_animation&quot;:&quot;fadeIn&quot;,&quot;_animation_delay&quot;:&quot;400&quot;}\" data-widget_type=\"shortcode.default\">\n\t\t\t\t<div class=\"elementor-widget-container\">\n\t\t\t\t\t<div class=\"elementor-shortcode\">\n<div class=\"wpcf7 no-js\" id=\"wpcf7-f105-o1\" lang=\"en-US\" dir=\"ltr\">\n<div class=\"screen-reader-response\"><p role=\"status\" aria-live=\"polite\" aria-atomic=\"true\"><\/p> <ul><\/ul><\/div>\n<form action=\"\/de\/wp-json\/wp\/v2\/pages\/100#wpcf7-f105-o1\" method=\"post\" class=\"wpcf7-form init\" aria-label=\"Contact form\" novalidate=\"novalidate\" data-status=\"init\">\n<div style=\"display: none;\">\n<input type=\"hidden\" name=\"_wpcf7\" value=\"105\" \/>\n<input type=\"hidden\" name=\"_wpcf7_version\" value=\"5.8.5\" \/>\n<input type=\"hidden\" name=\"_wpcf7_locale\" value=\"en_US\" \/>\n<input type=\"hidden\" name=\"_wpcf7_unit_tag\" value=\"wpcf7-f105-o1\" \/>\n<input type=\"hidden\" name=\"_wpcf7_container_post\" value=\"0\" \/>\n<input type=\"hidden\" name=\"_wpcf7_posted_data_hash\" value=\"\" \/>\n<\/div>\n<p>Hallo Jan,\n<\/p>\n<p>Mein Name ist\n<\/p>\n<div class=\"width-dynamic\">\n\t<p><span class=\"wpcf7-form-control-wrap\" data-name=\"fullname\"><input size=\"40\" class=\"wpcf7-form-control wpcf7-text wpcf7-validates-as-required\" aria-required=\"true\" aria-invalid=\"false\" placeholder=\"Vorname &amp; Nachname\" value=\"\" type=\"text\" name=\"fullname\" \/><\/span><span class=\"helper\"><\/span>\n\t<\/p>\n<\/div>\n<p>Ich bin\n<\/p>\n<div class=\"width-dynamic\">\n\t<p><span class=\"wpcf7-form-control-wrap\" data-name=\"type\"><input size=\"40\" class=\"wpcf7-form-control wpcf7-text wpcf7-validates-as-required\" aria-required=\"true\" aria-invalid=\"false\" placeholder=\"Z\u00fcchter\/ H\u00e4ndler\/ Berater\" value=\"\" type=\"text\" name=\"type\" \/><\/span><span class=\"helper\"><\/span>\n\t<\/p>\n<\/div>\n<p>. Meine Frage an Sie:\n<\/p>\n<div class=\"width-dynamic pl-0\">\n\t<p><span class=\"wpcf7-form-control-wrap\" data-name=\"message\"><input size=\"40\" class=\"wpcf7-form-control wpcf7-text\" aria-invalid=\"false\" placeholder=\"bericht\" value=\"\" type=\"text\" name=\"message\" \/><\/span><span class=\"helper\"><\/span>\n\t<\/p>\n<\/div>\n<p>. Sie k\u00f6nnen mich erreichen mit\n<\/p>\n<div class=\"width-dynamic\">\n\t<p><span class=\"wpcf7-form-control-wrap\" data-name=\"email\"><input size=\"40\" class=\"wpcf7-form-control wpcf7-email wpcf7-validates-as-required wpcf7-text wpcf7-validates-as-email\" aria-required=\"true\" aria-invalid=\"false\" placeholder=\"info@email.com\" value=\"\" type=\"email\" name=\"email\" \/><\/span><span class=\"helper\"><\/span>\n\t<\/p>\n<\/div>\n<p>oder\n<\/p>\n<div class=\"width-dynamic\">\n\t<p><span class=\"wpcf7-form-control-wrap\" data-name=\"phone\"><input size=\"40\" class=\"wpcf7-form-control wpcf7-tel wpcf7-validates-as-required wpcf7-text wpcf7-validates-as-tel\" aria-required=\"true\" aria-invalid=\"false\" placeholder=\"06 12345678\" value=\"\" type=\"tel\" name=\"phone\" \/><\/span><span class=\"helper\"><\/span>\n\t<\/p>\n<\/div>\n<p>PS:\n<\/p>\n<div class=\"width-dynamic\">\n\t<p><span class=\"wpcf7-form-control-wrap\" data-name=\"extra-ps\"><input size=\"40\" class=\"wpcf7-form-control wpcf7-text wpcf7-validates-as-required\" aria-required=\"true\" aria-invalid=\"false\" placeholder=\"Haben Sie noch einen anderen Bericht?\" value=\"\" type=\"text\" name=\"extra-ps\" \/><\/span><span class=\"helper\"><\/span>\n\t<\/p>\n<\/div>\n<p><input class=\"wpcf7-form-control wpcf7-submit has-spinner\" type=\"submit\" value=\"Versenden\" \/>\n<\/p><p style=\"display: none !important;\"><label>&#916;<textarea name=\"_wpcf7_ak_hp_textarea\" cols=\"45\" rows=\"8\" maxlength=\"100\"><\/textarea><\/label><input type=\"hidden\" id=\"ak_js_1\" name=\"_wpcf7_ak_js\" value=\"177\"\/><script>document.getElementById( \"ak_js_1\" ).setAttribute( \"value\", ( new Date() ).getTime() );<\/script><\/p><div class=\"wpcf7-response-output\" aria-hidden=\"true\"><\/div>\n<\/form>\n<\/div>\n<\/div>\n\t\t\t\t<\/div>\n\t\t\t\t<\/div>\n\t\t\t\t<div class=\"elementor-element elementor-element-651d5ac elementor-widget-divider--view-line elementor-widget elementor-widget-divider\" data-id=\"651d5ac\" data-element_type=\"widget\" data-widget_type=\"divider.default\">\n\t\t\t\t<div class=\"elementor-widget-container\">\n\t\t\t\t\t<div class=\"elementor-divider\">\n\t\t\t<span class=\"elementor-divider-separator\">\n\t\t\t\t\t\t<\/span>\n\t\t<\/div>\n\t\t\t\t<\/div>\n\t\t\t\t<\/div>\n\t\t\t\t\t<\/div>\n\t\t<\/div>\n\t\t\t\t\t\t\t<\/div>\n\t\t<\/section>\n\t\t\t\t\t<\/div>\n\t\t<\/div>\n\t\t\t\t\t\t\t<\/div>\n\t\t<\/section>\n\t\t\t\t<section class=\"elementor-section elementor-top-section elementor-element elementor-element-327458a8 elementor-section-content-middle elementor-section-boxed elementor-section-height-default elementor-section-height-default\" data-id=\"327458a8\" data-element_type=\"section\">\n\t\t\t\t\t\t<div class=\"elementor-container elementor-column-gap-default\">\n\t\t\t\t\t<div class=\"elementor-column elementor-col-50 elementor-top-column elementor-element elementor-element-48959d96\" data-id=\"48959d96\" data-element_type=\"column\">\n\t\t\t<div class=\"elementor-widget-wrap elementor-element-populated\">\n\t\t\t\t\t\t\t\t<div class=\"elementor-element elementor-element-3f246757 elementor-position-left elementor-vertical-align-middle elementor-widget elementor-widget-image-box\" data-id=\"3f246757\" data-element_type=\"widget\" data-widget_type=\"image-box.default\">\n\t\t\t\t<div class=\"elementor-widget-container\">\n\t\t\t<div class=\"elementor-image-box-wrapper\"><figure class=\"elementor-image-box-img\"><img fetchpriority=\"high\" decoding=\"async\" width=\"398\" height=\"398\" src=\"https:\/\/greanr.com\/de\/wp-content\/uploads\/sites\/3\/2021\/04\/greanr-avatar-jan.png\" class=\"attachment-full size-full wp-image-347\" alt=\"\" srcset=\"https:\/\/greanr.com\/de\/wp-content\/uploads\/sites\/3\/2021\/04\/greanr-avatar-jan.png 398w, https:\/\/greanr.com\/de\/wp-content\/uploads\/sites\/3\/2021\/04\/greanr-avatar-jan-300x300.png 300w, https:\/\/greanr.com\/de\/wp-content\/uploads\/sites\/3\/2021\/04\/greanr-avatar-jan-150x150.png 150w\" sizes=\"(max-width: 398px) 100vw, 398px\" \/><\/figure><div class=\"elementor-image-box-content\"><h3 class=\"elementor-image-box-title\">Jan van de Voort<\/h3><p class=\"elementor-image-box-description\">LEITUNG KOMMERZ<\/p><\/div><\/div>\t\t<\/div>\n\t\t\t\t<\/div>\n\t\t\t\t<div class=\"elementor-element elementor-element-69ffb376 elementor-widget elementor-widget-text-editor\" data-id=\"69ffb376\" data-element_type=\"widget\" data-widget_type=\"text-editor.default\">\n\t\t\t\t<div class=\"elementor-widget-container\">\n\t\t\t\t\t\t\t<p><span data-sheets-value=\"{&quot;1&quot;:2,&quot;2&quot;:&quot;Jan war fr\u00fcher Direktor bei Bayer Crop Science NL und hat in der Vergangenheit andere kommerzielle und Marketing Arbeitsverh\u00e4ltnisse in der Pflanzenschutz -Industrie gehabt. &quot;}\" data-sheets-userformat=\"{&quot;2&quot;:899,&quot;3&quot;:{&quot;1&quot;:0},&quot;4&quot;:{&quot;1&quot;:2,&quot;2&quot;:14281427},&quot;10&quot;:0,&quot;11&quot;:4,&quot;12&quot;:0}\">Jan war fr\u00fcher Direktor bei Bayer Crop Science NL und hat in der Vergangenheit andere kommerzielle und Marketing Arbeitsverh\u00e4ltnisse in der Pflanzenschutz -Industrie gehabt. <\/span><\/p>\t\t\t\t\t\t<\/div>\n\t\t\t\t<\/div>\n\t\t\t\t<div class=\"elementor-element elementor-element-7ec1cb8 e-grid-align-left e-grid-align-mobile-center elementor-shape-rounded elementor-grid-0 elementor-widget elementor-widget-social-icons\" data-id=\"7ec1cb8\" data-element_type=\"widget\" data-widget_type=\"social-icons.default\">\n\t\t\t\t<div class=\"elementor-widget-container\">\n\t\t\t\t\t<div class=\"elementor-social-icons-wrapper elementor-grid\">\n\t\t\t\t\t\t\t<span class=\"elementor-grid-item\">\n\t\t\t\t\t<a class=\"elementor-icon elementor-social-icon elementor-social-icon-whatsapp elementor-animation-grow elementor-repeater-item-0ac3790\" href=\"https:\/\/wa.me\/31651232662\" target=\"_blank\">\n\t\t\t\t\t\t<span class=\"elementor-screen-only\">Whatsapp<\/span>\n\t\t\t\t\t\t<i class=\"fab fa-whatsapp\"><\/i>\t\t\t\t\t<\/a>\n\t\t\t\t<\/span>\n\t\t\t\t\t\t\t<span class=\"elementor-grid-item\">\n\t\t\t\t\t<a class=\"elementor-icon elementor-social-icon elementor-social-icon-phone elementor-animation-grow elementor-repeater-item-223c0fa\" href=\"tel:31651232662\" target=\"_blank\">\n\t\t\t\t\t\t<span class=\"elementor-screen-only\">Phone<\/span>\n\t\t\t\t\t\t<i class=\"fas fa-phone\"><\/i>\t\t\t\t\t<\/a>\n\t\t\t\t<\/span>\n\t\t\t\t\t\t\t<span class=\"elementor-grid-item\">\n\t\t\t\t\t<a class=\"elementor-icon elementor-social-icon elementor-social-icon-at elementor-animation-grow elementor-repeater-item-284d66a\" href=\"mailto:jan@greanr.com\" target=\"_blank\">\n\t\t\t\t\t\t<span class=\"elementor-screen-only\">At<\/span>\n\t\t\t\t\t\t<i class=\"fas fa-at\"><\/i>\t\t\t\t\t<\/a>\n\t\t\t\t<\/span>\n\t\t\t\t\t<\/div>\n\t\t\t\t<\/div>\n\t\t\t\t<\/div>\n\t\t\t\t\t<\/div>\n\t\t<\/div>\n\t\t\t\t<div class=\"elementor-column elementor-col-50 elementor-top-column elementor-element elementor-element-70ea4bbe\" data-id=\"70ea4bbe\" data-element_type=\"column\">\n\t\t\t<div class=\"elementor-widget-wrap elementor-element-populated\">\n\t\t\t\t\t\t\t\t<div class=\"elementor-element elementor-element-2be9120e elementor-position-left elementor-vertical-align-middle elementor-widget elementor-widget-image-box\" data-id=\"2be9120e\" data-element_type=\"widget\" data-widget_type=\"image-box.default\">\n\t\t\t\t<div class=\"elementor-widget-container\">\n\t\t\t<div class=\"elementor-image-box-wrapper\"><figure class=\"elementor-image-box-img\"><img decoding=\"async\" width=\"400\" height=\"401\" src=\"https:\/\/greanr.com\/de\/wp-content\/uploads\/sites\/3\/2021\/04\/greanr-avatar-jan-eric.png\" class=\"attachment-full size-full wp-image-346\" alt=\"\" srcset=\"https:\/\/greanr.com\/de\/wp-content\/uploads\/sites\/3\/2021\/04\/greanr-avatar-jan-eric.png 400w, https:\/\/greanr.com\/de\/wp-content\/uploads\/sites\/3\/2021\/04\/greanr-avatar-jan-eric-300x300.png 300w, https:\/\/greanr.com\/de\/wp-content\/uploads\/sites\/3\/2021\/04\/greanr-avatar-jan-eric-150x150.png 150w\" sizes=\"(max-width: 400px) 100vw, 400px\" \/><\/figure><div class=\"elementor-image-box-content\"><h3 class=\"elementor-image-box-title\">Jan-Eric Geersing<\/h3><p class=\"elementor-image-box-description\">PRODUKT MANAGEMENT &amp; TECHNISCHE BERATUNG<\/p><\/div><\/div>\t\t<\/div>\n\t\t\t\t<\/div>\n\t\t\t\t<div class=\"elementor-element elementor-element-390620be elementor-widget elementor-widget-text-editor\" data-id=\"390620be\" data-element_type=\"widget\" data-widget_type=\"text-editor.default\">\n\t\t\t\t<div class=\"elementor-widget-container\">\n\t\t\t\t\t\t\t<p><span data-sheets-value=\"{&quot;1&quot;:2,&quot;2&quot;:&quot;Jan-Eric besch\u00e4ftigt sich mit der Entwicklung von neuen Kartoffelsorten und dem Verkauf von Saatkartoffeln. Hiervor hat er sich besch\u00e4ftigt mit der Entwicklung und Marketing von Keimhemmungsmittel und Produktmanagement von Pflanzenschutzmitteln.&quot;}\" data-sheets-userformat=\"{&quot;2&quot;:6915,&quot;3&quot;:{&quot;1&quot;:0},&quot;4&quot;:{&quot;1&quot;:2,&quot;2&quot;:14281427},&quot;11&quot;:4,&quot;12&quot;:0,&quot;14&quot;:{&quot;1&quot;:2,&quot;2&quot;:0},&quot;15&quot;:&quot;Arial, sans-serif&quot;}\">Jan-Eric besch\u00e4ftigt sich mit der Entwicklung von neuen Kartoffelsorten und dem Verkauf von Saatkartoffeln. Hiervor hat er sich besch\u00e4ftigt mit der Entwicklung und Marketing von Keimhemmungsmittel und Produktmanagement von Pflanzenschutzmitteln.<\/span><\/p>\t\t\t\t\t\t<\/div>\n\t\t\t\t<\/div>\n\t\t\t\t<div class=\"elementor-element elementor-element-6d6416fd e-grid-align-left e-grid-align-mobile-center elementor-shape-rounded elementor-grid-0 elementor-widget elementor-widget-social-icons\" data-id=\"6d6416fd\" data-element_type=\"widget\" data-widget_type=\"social-icons.default\">\n\t\t\t\t<div class=\"elementor-widget-container\">\n\t\t\t\t\t<div class=\"elementor-social-icons-wrapper elementor-grid\">\n\t\t\t\t\t\t\t<span class=\"elementor-grid-item\">\n\t\t\t\t\t<a class=\"elementor-icon elementor-social-icon elementor-social-icon-whatsapp elementor-animation-grow elementor-repeater-item-0ac3790\" href=\"https:\/\/wa.me\/31610537192\" target=\"_blank\">\n\t\t\t\t\t\t<span class=\"elementor-screen-only\">Whatsapp<\/span>\n\t\t\t\t\t\t<i class=\"fab fa-whatsapp\"><\/i>\t\t\t\t\t<\/a>\n\t\t\t\t<\/span>\n\t\t\t\t\t\t\t<span class=\"elementor-grid-item\">\n\t\t\t\t\t<a class=\"elementor-icon elementor-social-icon elementor-social-icon-phone elementor-animation-grow elementor-repeater-item-223c0fa\" href=\"tel:31610537192\" target=\"_blank\">\n\t\t\t\t\t\t<span class=\"elementor-screen-only\">Phone<\/span>\n\t\t\t\t\t\t<i class=\"fas fa-phone\"><\/i>\t\t\t\t\t<\/a>\n\t\t\t\t<\/span>\n\t\t\t\t\t\t\t<span class=\"elementor-grid-item\">\n\t\t\t\t\t<a class=\"elementor-icon elementor-social-icon elementor-social-icon-at elementor-animation-grow elementor-repeater-item-9ed51c3\" href=\"mailto:jan-eric@greanr.com\" target=\"_blank\">\n\t\t\t\t\t\t<span class=\"elementor-screen-only\">At<\/span>\n\t\t\t\t\t\t<i class=\"fas fa-at\"><\/i>\t\t\t\t\t<\/a>\n\t\t\t\t<\/span>\n\t\t\t\t\t<\/div>\n\t\t\t\t<\/div>\n\t\t\t\t<\/div>\n\t\t\t\t\t<\/div>\n\t\t<\/div>\n\t\t\t\t\t\t\t<\/div>\n\t\t<\/section>\n\t\t\t\t\t\t\t<\/div>\n\t\t","protected":false},"excerpt":{"rendered":"<p>Haben Sie Fragen \u00fcber unser Produkt? Wir helfen Ihnen gerne. Jan van de Voort LEITUNG KOMMERZ Jan war fr\u00fcher Direktor bei Bayer Crop Science NL und hat in der Vergangenheit andere kommerzielle und Marketing Arbeitsverh\u00e4ltnisse in der Pflanzenschutz -Industrie gehabt. Whatsapp Phone At Jan-Eric Geersing PRODUKT MANAGEMENT &amp; TECHNISCHE BERATUNG Jan-Eric besch\u00e4ftigt sich mit der [&hellip;]<\/p>\n","protected":false},"author":1,"featured_media":0,"parent":0,"menu_order":0,"comment_status":"closed","ping_status":"closed","template":"","meta":{"footnotes":""},"yst_prominent_words":[],"_links":{"self":[{"href":"https:\/\/greanr.com\/de\/wp-json\/wp\/v2\/pages\/100"}],"collection":[{"href":"https:\/\/greanr.com\/de\/wp-json\/wp\/v2\/pages"}],"about":[{"href":"https:\/\/greanr.com\/de\/wp-json\/wp\/v2\/types\/page"}],"author":[{"embeddable":true,"href":"https:\/\/greanr.com\/de\/wp-json\/wp\/v2\/users\/1"}],"replies":[{"embeddable":true,"href":"https:\/\/greanr.com\/de\/wp-json\/wp\/v2\/comments?post=100"}],"version-history":[{"count":44,"href":"https:\/\/greanr.com\/de\/wp-json\/wp\/v2\/pages\/100\/revisions"}],"predecessor-version":[{"id":592,"href":"https:\/\/greanr.com\/de\/wp-json\/wp\/v2\/pages\/100\/revisions\/592"}],"wp:attachment":[{"href":"https:\/\/greanr.com\/de\/wp-json\/wp\/v2\/media?parent=100"}],"wp:term":[{"taxonomy":"yst_prominent_words","embeddable":true,"href":"https:\/\/greanr.com\/de\/wp-json\/wp\/v2\/yst_prominent_words?post=100"}],"curies":[{"name":"wp","href":"https:\/\/api.w.org\/{rel}","templated":true}]}}